{"id":2626,"date":"2025-02-02T20:06:48","date_gmt":"2025-02-02T19:06:48","guid":{"rendered":"https:\/\/myanzo.com\/?page_id=2626"},"modified":"2025-02-02T20:31:44","modified_gmt":"2025-02-02T19:31:44","slug":"virement-bancaire-pour-payer-labonnement","status":"publish","type":"page","link":"https:\/\/myanzo.com\/fr_fr\/virement-bancaire-pour-payer-labonnement\/","title":{"rendered":"Virement bancaire pour payer l&rsquo;abonnement"},"content":{"rendered":"<p>Vous avez choisi l&rsquo;option \u00ab\u00a0Virement\u00a0\u00bb pour r\u00e9gler votre abonnement MYANZO.<\/p><p>Il suffit d&rsquo;effectuer votre virement sur le compte suivant : <br>IBAN : <br>Nom du b\u00e9n\u00e9ficaire : MYANZO<\/p><p>Merci d&rsquo;indiquer VOTRE NOM en r\u00e9f\u00e9rence du virement. <\/p><p><strong>Une fois votre virement re\u00e7u, nous activons votre abonnement MYANZO !<\/strong><\/p><p>Merci pour votre confiance <\/p><p>Thierry CEO de MYANZO<\/p>","protected":false},"excerpt":{"rendered":"<p>Vous avez choisi l&rsquo;option \u00ab\u00a0Virement\u00a0\u00bb pour r\u00e9gler votre abonnement MYANZO. Il suffit d&rsquo;effectuer votre virement sur le compte suivant : IBAN : Nom du b\u00e9n\u00e9ficaire : MYANZO Merci d&rsquo;indiquer VOTRE NOM en r\u00e9f\u00e9rence du virement. Une fois votre virement re\u00e7u, nous activons votre abonnement MYANZO ! Merci pour votre confiance Thierry CEO de MYANZO<\/p>\n","protected":false},"author":1,"featured_media":0,"parent":0,"menu_order":0,"comment_status":"closed","ping_status":"closed","template":"","meta":{"footnotes":""},"class_list":["post-2626","page","type-page","status-publish","hentry"],"yoast_head":"<!-- This site is optimized with the Yoast SEO plugin v23.9 - https:\/\/yoast.com\/wordpress\/plugins\/seo\/ -->\n<title>Virement bancaire pour payer l&#039;abonnement - Myanzo<\/title>\n<meta name=\"robots\" content=\"index, follow, max-snippet:-1, max-image-preview:large, max-video-preview:-1\" \/>\n<link rel=\"canonical\" href=\"https:\/\/myanzo.com\/fr_fr\/virement-bancaire-pour-payer-labonnement\/\" \/>\n<meta property=\"og:locale\" content=\"fr_FR\" \/>\n<meta property=\"og:type\" content=\"article\" \/>\n<meta property=\"og:title\" content=\"Virement bancaire pour payer l&#039;abonnement - Myanzo\" \/>\n<meta property=\"og:description\" content=\"Vous avez choisi l&rsquo;option \u00ab\u00a0Virement\u00a0\u00bb pour r\u00e9gler votre abonnement MYANZO. Il suffit d&rsquo;effectuer votre virement sur le compte suivant : IBAN : Nom du b\u00e9n\u00e9ficaire : MYANZO Merci d&rsquo;indiquer VOTRE NOM en r\u00e9f\u00e9rence du virement. Une fois votre virement re\u00e7u, nous activons votre abonnement MYANZO ! Merci pour votre confiance Thierry CEO de MYANZO\" \/>\n<meta property=\"og:url\" content=\"https:\/\/myanzo.com\/fr_fr\/virement-bancaire-pour-payer-labonnement\/\" \/>\n<meta property=\"og:site_name\" content=\"Myanzo\" \/>\n<meta property=\"article:modified_time\" content=\"2025-02-02T19:31:44+00:00\" \/>\n<meta name=\"twitter:card\" content=\"summary_large_image\" \/>\n<meta name=\"twitter:label1\" content=\"Dur\u00e9e de lecture estim\u00e9e\" \/>\n\t<meta name=\"twitter:data1\" content=\"1 minute\" \/>\n<script type=\"application\/ld+json\" class=\"yoast-schema-graph\">{\"@context\":\"https:\/\/schema.org\",\"@graph\":[{\"@type\":\"WebPage\",\"@id\":\"https:\/\/myanzo.com\/virement-bancaire-pour-payer-labonnement\/\",\"url\":\"https:\/\/myanzo.com\/virement-bancaire-pour-payer-labonnement\/\",\"name\":\"Virement bancaire pour payer l'abonnement - Myanzo\",\"isPartOf\":{\"@id\":\"https:\/\/myanzo.com\/#website\"},\"datePublished\":\"2025-02-02T19:06:48+00:00\",\"dateModified\":\"2025-02-02T19:31:44+00:00\",\"breadcrumb\":{\"@id\":\"https:\/\/myanzo.com\/virement-bancaire-pour-payer-labonnement\/#breadcrumb\"},\"inLanguage\":\"fr-FR\",\"potentialAction\":[{\"@type\":\"ReadAction\",\"target\":[\"https:\/\/myanzo.com\/virement-bancaire-pour-payer-labonnement\/\"]}]},{\"@type\":\"BreadcrumbList\",\"@id\":\"https:\/\/myanzo.com\/virement-bancaire-pour-payer-labonnement\/#breadcrumb\",\"itemListElement\":[{\"@type\":\"ListItem\",\"position\":1,\"name\":\"Home\",\"item\":\"https:\/\/myanzo.com\/\"},{\"@type\":\"ListItem\",\"position\":2,\"name\":\"Virement bancaire pour payer l&rsquo;abonnement\"}]},{\"@type\":\"WebSite\",\"@id\":\"https:\/\/myanzo.com\/#website\",\"url\":\"https:\/\/myanzo.com\/\",\"name\":\"Myanzo\",\"description\":\"Compagnon de vos d\u00e9cisions\",\"publisher\":{\"@id\":\"https:\/\/myanzo.com\/#organization\"},\"potentialAction\":[{\"@type\":\"SearchAction\",\"target\":{\"@type\":\"EntryPoint\",\"urlTemplate\":\"https:\/\/myanzo.com\/?s={search_term_string}\"},\"query-input\":{\"@type\":\"PropertyValueSpecification\",\"valueRequired\":true,\"valueName\":\"search_term_string\"}}],\"inLanguage\":\"fr-FR\"},{\"@type\":\"Organization\",\"@id\":\"https:\/\/myanzo.com\/#organization\",\"name\":\"Myanzo\",\"url\":\"https:\/\/myanzo.com\/\",\"logo\":{\"@type\":\"ImageObject\",\"inLanguage\":\"fr-FR\",\"@id\":\"https:\/\/myanzo.com\/#\/schema\/logo\/image\/\",\"url\":\"https:\/\/myanzo.com\/wp-content\/uploads\/2021\/08\/cropped-MYANZO_Slogan.png\",\"contentUrl\":\"https:\/\/myanzo.com\/wp-content\/uploads\/2021\/08\/cropped-MYANZO_Slogan.png\",\"width\":1208,\"height\":332,\"caption\":\"Myanzo\"},\"image\":{\"@id\":\"https:\/\/myanzo.com\/#\/schema\/logo\/image\/\"}}]}<\/script>\n<!-- \/ Yoast SEO plugin. -->","yoast_head_json":{"title":"Virement bancaire pour payer l'abonnement - Myanzo","robots":{"index":"index","follow":"follow","max-snippet":"max-snippet:-1","max-image-preview":"max-image-preview:large","max-video-preview":"max-video-preview:-1"},"canonical":"https:\/\/myanzo.com\/fr_fr\/virement-bancaire-pour-payer-labonnement\/","og_locale":"fr_FR","og_type":"article","og_title":"Virement bancaire pour payer l'abonnement - Myanzo","og_description":"Vous avez choisi l&rsquo;option \u00ab\u00a0Virement\u00a0\u00bb pour r\u00e9gler votre abonnement MYANZO. Il suffit d&rsquo;effectuer votre virement sur le compte suivant : IBAN : Nom du b\u00e9n\u00e9ficaire : MYANZO Merci d&rsquo;indiquer VOTRE NOM en r\u00e9f\u00e9rence du virement. Une fois votre virement re\u00e7u, nous activons votre abonnement MYANZO ! Merci pour votre confiance Thierry CEO de MYANZO","og_url":"https:\/\/myanzo.com\/fr_fr\/virement-bancaire-pour-payer-labonnement\/","og_site_name":"Myanzo","article_modified_time":"2025-02-02T19:31:44+00:00","twitter_card":"summary_large_image","twitter_misc":{"Dur\u00e9e de lecture estim\u00e9e":"1 minute"},"schema":{"@context":"https:\/\/schema.org","@graph":[{"@type":"WebPage","@id":"https:\/\/myanzo.com\/virement-bancaire-pour-payer-labonnement\/","url":"https:\/\/myanzo.com\/virement-bancaire-pour-payer-labonnement\/","name":"Virement bancaire pour payer l'abonnement - Myanzo","isPartOf":{"@id":"https:\/\/myanzo.com\/#website"},"datePublished":"2025-02-02T19:06:48+00:00","dateModified":"2025-02-02T19:31:44+00:00","breadcrumb":{"@id":"https:\/\/myanzo.com\/virement-bancaire-pour-payer-labonnement\/#breadcrumb"},"inLanguage":"fr-FR","potentialAction":[{"@type":"ReadAction","target":["https:\/\/myanzo.com\/virement-bancaire-pour-payer-labonnement\/"]}]},{"@type":"BreadcrumbList","@id":"https:\/\/myanzo.com\/virement-bancaire-pour-payer-labonnement\/#breadcrumb","itemListElement":[{"@type":"ListItem","position":1,"name":"Home","item":"https:\/\/myanzo.com\/"},{"@type":"ListItem","position":2,"name":"Virement bancaire pour payer l&rsquo;abonnement"}]},{"@type":"WebSite","@id":"https:\/\/myanzo.com\/#website","url":"https:\/\/myanzo.com\/","name":"Myanzo","description":"Compagnon de vos d\u00e9cisions","publisher":{"@id":"https:\/\/myanzo.com\/#organization"},"potentialAction":[{"@type":"SearchAction","target":{"@type":"EntryPoint","urlTemplate":"https:\/\/myanzo.com\/?s={search_term_string}"},"query-input":{"@type":"PropertyValueSpecification","valueRequired":true,"valueName":"search_term_string"}}],"inLanguage":"fr-FR"},{"@type":"Organization","@id":"https:\/\/myanzo.com\/#organization","name":"Myanzo","url":"https:\/\/myanzo.com\/","logo":{"@type":"ImageObject","inLanguage":"fr-FR","@id":"https:\/\/myanzo.com\/#\/schema\/logo\/image\/","url":"https:\/\/myanzo.com\/wp-content\/uploads\/2021\/08\/cropped-MYANZO_Slogan.png","contentUrl":"https:\/\/myanzo.com\/wp-content\/uploads\/2021\/08\/cropped-MYANZO_Slogan.png","width":1208,"height":332,"caption":"Myanzo"},"image":{"@id":"https:\/\/myanzo.com\/#\/schema\/logo\/image\/"}}]}},"rttpg_featured_image_url":null,"rttpg_author":{"display_name":"myanzo","author_link":"https:\/\/myanzo.com\/fr_fr\/author\/myanzo\/"},"rttpg_comment":0,"rttpg_category":null,"rttpg_excerpt":"Vous avez choisi l&rsquo;option \u00ab\u00a0Virement\u00a0\u00bb pour r\u00e9gler votre abonnement MYANZO. Il suffit d&rsquo;effectuer votre virement sur le compte suivant : IBAN : Nom du b\u00e9n\u00e9ficaire : MYANZO Merci d&rsquo;indiquer VOTRE NOM en r\u00e9f\u00e9rence du virement. Une fois votre virement re\u00e7u, nous activons votre abonnement MYANZO ! Merci pour votre confiance Thierry CEO de MYANZO","_links":{"self":[{"href":"https:\/\/myanzo.com\/fr_fr\/wp-json\/wp\/v2\/pages\/2626","targetHints":{"allow":["GET"]}}],"collection":[{"href":"https:\/\/myanzo.com\/fr_fr\/wp-json\/wp\/v2\/pages"}],"about":[{"href":"https:\/\/myanzo.com\/fr_fr\/wp-json\/wp\/v2\/types\/page"}],"author":[{"embeddable":true,"href":"https:\/\/myanzo.com\/fr_fr\/wp-json\/wp\/v2\/users\/1"}],"replies":[{"embeddable":true,"href":"https:\/\/myanzo.com\/fr_fr\/wp-json\/wp\/v2\/comments?post=2626"}],"version-history":[{"count":2,"href":"https:\/\/myanzo.com\/fr_fr\/wp-json\/wp\/v2\/pages\/2626\/revisions"}],"predecessor-version":[{"id":2629,"href":"https:\/\/myanzo.com\/fr_fr\/wp-json\/wp\/v2\/pages\/2626\/revisions\/2629"}],"wp:attachment":[{"href":"https:\/\/myanzo.com\/fr_fr\/wp-json\/wp\/v2\/media?parent=2626"}],"curies":[{"name":"wp","href":"https:\/\/api.w.org\/{rel}","templated":true}]}}