{"id":2398,"date":"2024-12-11T21:29:43","date_gmt":"2024-12-11T20:29:43","guid":{"rendered":"https:\/\/myanzo.com\/?page_id=2398"},"modified":"2025-01-23T14:11:49","modified_gmt":"2025-01-23T13:11:49","slug":"mentions-legales-myanzo","status":"publish","type":"page","link":"https:\/\/myanzo.com\/fr_fr\/mentions-legales-myanzo\/","title":{"rendered":"Mentions l\u00e9gales MYANZO"},"content":{"rendered":"<p class=\"has-black-color has-text-color has-link-color wp-elements-b4a75b39ca4c2e78adef83def2197586\">Merci de lire avec attention les diff\u00e9rentes modalit\u00e9s d\u2019utilisation du pr\u00e9sent<br>site avant d\u2019y parcourir ses pages. En vous connectant sur ce site, vous<br>acceptez, sans r\u00e9serves, les pr\u00e9sentes modalit\u00e9s.<br>Aussi, conform\u00e9ment \u00e0 l\u2019article n\u00b06 de la Loi n\u00b02004-575 du 21 Juin 2004 pour<br>la confiance dans l\u2019\u00e9conomie num\u00e9rique, les responsables du pr\u00e9sent site<br>internet www.myanzo.com sont :<\/p><p class=\"has-black-color has-text-color has-link-color wp-elements-04b1e8e27bba97d97bf16b87054ca1f1\"><strong>\u00c9diteur du site<\/strong><br>SARL ENALTO<br>Num\u00e9ro de SIREN : 538047093<br>Responsable \u00e9ditorial : Thierry G\u00e9ant<br>T\u00e9l\u00e9phone : 06.10.13.51.63<br>Email : contact@myanzo.com<br>Site web : www.myanzo.com<\/p><p class=\"has-black-color has-text-color has-link-color wp-elements-32df65d78b917e8127692c9fb2456990\"><strong>H\u00e9bergement<\/strong><br>H\u00e9bergeur : O2 switch\u2013 site web : www.O2switch.fr<\/p><p class=\"has-black-color has-text-color has-link-color wp-elements-ed75254c0fcc442b695bcf83fc0bc22e\"><strong>D\u00e9veloppement<\/strong><\/p><p class=\"has-black-color has-text-color has-link-color wp-elements-876793ed430473cec1387afc749ce8a2\">St\u00e9phane PETIBON &#8211; Paris<\/p><p class=\"has-black-color has-text-color has-link-color wp-elements-8db6912b73e1bd9efb4f222b292d9ad7\"><strong>Conditions d\u2019utilisation<\/strong><br>Ce site www.myanzo.com est propos\u00e9 en diff\u00e9rents langages web (HTML,<br>HTML5, Javascript, CSS, etc\u2026) pour un meilleur confort d\u2019utilisation et un<br>graphisme plus agr\u00e9able.<br>Nous vous recommandons de recourir \u00e0 des navigateurs modernes comme<br>Internet explorer, Safari, Firefox, Google Chrome, etc\u2026<br>La soci\u00e9t\u00e9 enAlto met en \u0153uvre tous les moyens dont elle dispose, pour<br>assurer une information fiable et une mise \u00e0 jour fiable de ses sites internet.<br>Toutefois, des erreurs ou omissions peuvent survenir.<br>L\u2019internaute devra donc s\u2019assurer de l\u2019exactitude des informations aupr\u00e8s de<br>la soci\u00e9t\u00e9 enAlto et signaler toutes modifications du site qu\u2019il jugerait utile.<br>EnAlto n\u2019est en aucun cas responsable de l\u2019utilisation faite de ces<br>informations, et de tout pr\u00e9judice direct ou indirect pouvant en d\u00e9couler.<\/p><p class=\"has-black-color has-text-color has-link-color wp-elements-0c247bdfbd660a5d21112c1f979d7ab5\"><strong>Cookies<\/strong><br>Le site www.myanzo.com peut-\u00eatre amen\u00e9 \u00e0 vous demander l\u2019acceptation<br>des cookies pour des besoins de statistiques et d\u2019affichage. Un cookie est une<br>information d\u00e9pos\u00e9e sur votre disque dur par le serveur du site que vous<br>visitez.<\/p><p class=\"has-black-color has-text-color has-link-color wp-elements-c3b57ceda05aee5f92094592af43116a\">Il contient plusieurs donn\u00e9es qui sont stock\u00e9es sur votre ordinateur dans un<br>simple fichier texte auquel un serveur acc\u00e8de pour lire et enregistrer des<br>informations. Certaines parties de ce site ne peuvent \u00eatre fonctionnelles sans<br>l\u2019acceptation de cookies.<\/p><p class=\"has-black-color has-text-color has-link-color wp-elements-b64eed58ef117abafa7d9658e4f7eb52\"><strong>Liens hypertextes<\/strong><br>Les sites internet peuvent offrir des liens vers d\u2019autres sites internet ou<br>d\u2019autres ressources disponibles sur Internet. la soci\u00e9t\u00e9 enAlto ne dispose<br>d\u2019aucun moyen pour contr\u00f4ler les sites en connexion avec ses sites internet.<br>la soci\u00e9t\u00e9 enAlto ne r\u00e9pond pas de la disponibilit\u00e9 de tels sites et sources<br>externes, ni ne la garantit. Elle ne peut \u00eatre tenue pour responsable de tout<br>dommage, de quelque nature que ce soit, r\u00e9sultant du contenu de ces sites<br>ou sources externes, et notamment des informations, produits ou services<br>qu\u2019ils proposent, ou de tout usage qui peut \u00eatre fait de ces \u00e9l\u00e9ments.<br>Les risques li\u00e9s \u00e0 cette utilisation incombent pleinement \u00e0 l\u2019internaute, qui doit<br>se conformer \u00e0 leurs conditions d\u2019utilisation.<br>Les utilisateurs, les abonn\u00e9s et les visiteurs des sites internet ne peuvent pas<br>mettre en place un hyperlien en direction de www.myanzo.com sans<br>l\u2019autorisation expresse et pr\u00e9alable de la soci\u00e9t\u00e9 enAlto.<\/p><p class=\"has-black-color has-text-color has-link-color wp-elements-a14a7e4d7bc671f539bc5c9150b0df45\">Dans l\u2019hypoth\u00e8se o\u00f9 un utilisateur ou visiteur souhaiterait mettre en place un<br>hyperlien en direction d\u2019un des sites internet de SARLENALTO, il lui<br>appartiendra d\u2019adresser un email accessible sur le site afin de formuler sa<br>demande de mise en place d\u2019un hyperlien.<br>La SARL ENALTO se r\u00e9serve le droit d\u2019accepter ou de refuser un hyperlien sans<br>avoir \u00e0 en justifier sa d\u00e9cision.<\/p><p class=\"has-black-color has-text-color has-link-color wp-elements-9de53f5f239341c5cf946ac1dc5c76f0\"><strong>Services fournis<\/strong><br>L\u2019ensemble des activit\u00e9s de la soci\u00e9t\u00e9 ainsi que ses informations sont<br>pr\u00e9sent\u00e9s sur notre site www.myanzo.com.<br>SARL ENALTO s\u2019efforce de fournir sur le site www.myanzo.com des informations<br>aussi pr\u00e9cises que possible. Les renseignements figurant sur le site<br>www.myanzo.com ne sont pas exhaustifs et les photos non contractuelles.<br>Ils sont donn\u00e9s sous r\u00e9serve de modifications ayant \u00e9t\u00e9 apport\u00e9es depuis leur<br>mise en ligne. Par ailleurs, tous les informations indiqu\u00e9es sur le site<br>www.myanzo.com sont donn\u00e9es \u00e0 titre indicatif, et sont susceptibles de<br>changer ou d\u2019\u00e9voluer sans pr\u00e9avis.<\/p><p class=\"has-black-color has-text-color has-link-color wp-elements-e6ae1fe0330d09f3c75e2a6b5d252d1c\"><strong>Limitation contractuelles sur les donn\u00e9es<\/strong><\/p><p class=\"has-black-color has-text-color has-link-color wp-elements-303564c25be0e2f26aa7a78aef813174\">Les informations contenues sur ce site sont aussi pr\u00e9cises que possible et le<br>site est mis \u00e0 jour \u00e0 diff\u00e9rentes p\u00e9riodes de l\u2019ann\u00e9e, mais peut toutefois<br>contenir des inexactitudes ou des omissions.<br>Si vous constatez une lacune, erreur ou ce qui para\u00eet \u00eatre un<br>dysfonctionnement, merci de bien vouloir le signaler par courriel, \u00e0 l\u2019adresse<br>contact@myanzo.com, en d\u00e9crivant le probl\u00e8me de la mani\u00e8re la plus<br>pr\u00e9cise possible (page posant probl\u00e8me, type d\u2019ordinateur et de navigateur<br>utilis\u00e9\u2026).<br>Tout contenu t\u00e9l\u00e9charg\u00e9 se fait aux risques et p\u00e9rils de l\u2019utilisateur et sous sa<br>seule responsabilit\u00e9. En cons\u00e9quence, ne saurait \u00eatre tenu responsable d\u2019un<br>quelconque dommage subi par l\u2019ordinateur de l\u2019utilisateur ou d\u2019une<br>quelconque perte de donn\u00e9es cons\u00e9cutives au t\u00e9l\u00e9chargement.<br>De plus, l\u2019utilisateur du site s\u2019engage \u00e0 acc\u00e9der au site en utilisant un mat\u00e9riel<br>r\u00e9cent, ne contenant pas de virus et avec un navigateur de derni\u00e8re<br>g\u00e9n\u00e9ration mis-\u00e0-jour.<br>Les liens hypertextes mis en place dans le cadre du pr\u00e9sent site internet en<br>direction d\u2019autres ressources pr\u00e9sentes sur le r\u00e9seau Internet ne sauraient<br>engager la responsabilit\u00e9 de SARL ENALTO.<\/p><p class=\"has-black-color has-text-color has-link-color wp-elements-9320c0525ae398fb96ae3bab81e70d4f\"><strong>Propri\u00e9t\u00e9 intellectuelle<\/strong><\/p><p class=\"has-black-color has-text-color has-link-color wp-elements-1a5d19e20403b4e4e2197cee3ba25180\">Tout le contenu du pr\u00e9sent site www.myanzo.com, incluant, de fa\u00e7on non<br>limitative, les graphismes, images, textes, vid\u00e9os, animations, sons, logos, gifs<br>et ic\u00f4nes ainsi que leur mise en forme sont la propri\u00e9t\u00e9 exclusive de la soci\u00e9t\u00e9<br>\u00e0 l\u2019exception des marques, logos ou contenus appartenant \u00e0 d\u2019autres<br>soci\u00e9t\u00e9s partenaires ou auteurs.<br>Toute reproduction, distribution, modification, adaptation, retransmission ou<br>publication, m\u00eame partielle, de ces diff\u00e9rents \u00e9l\u00e9ments est strictement<br>interdite sans l\u2019accord expr\u00e8s par \u00e9crit de SARL ENALTO. Cette repr\u00e9sentation<br>ou reproduction, par quelque proc\u00e9d\u00e9 que ce soit, constitue une contrefa\u00e7on<br>sanctionn\u00e9e par les articles L.335-2 et suivants du Code de la propri\u00e9t\u00e9<br>intellectuelle. Le non-respect de cette interdiction constitue une contrefa\u00e7on<br>pouvant engager la responsabilit\u00e9 civile et p\u00e9nale du contrefacteur. En outre,<br>les propri\u00e9taires des Contenus copi\u00e9s pourraient intenter une action en<br>justice \u00e0 votre encontre.<\/p><p class=\"has-black-color has-text-color has-link-color wp-elements-7edb61159b2ebce013ad4ba4520e2342\"><strong>D\u00e9claration \u00e0 la CNIL<br><\/strong>Conform\u00e9ment \u00e0 la loi 78-17 du 6 janvier 1978 (modifi\u00e9e par la loi 2004-801 du<br>6 ao\u00fbt 2004 relative \u00e0 la protection des personnes physiques \u00e0 l\u2019\u00e9gard des<br>traitements de donn\u00e9es \u00e0 caract\u00e8re personnel) relative \u00e0 l\u2019informatique, aux<br>fichiers et aux libert\u00e9s, ce site a fait l\u2019objet d\u2019une d\u00e9claration 1656629 aupr\u00e8s<br>de la Commission nationale de l\u2019informatique et des libert\u00e9s (www.cnil.fr).<\/p><p class=\"has-black-color has-text-color has-link-color wp-elements-71ccd7cc7df504a884bd2a57e2b03084\"><strong>Litiges<br><\/strong>Les pr\u00e9sentes conditions du site www.myanzo.com sont r\u00e9gies par les lois<br>fran\u00e7aises et toute contestation ou litiges qui pourraient na\u00eetre de<br>l\u2019interpr\u00e9tation ou de l\u2019ex\u00e9cution de celles-ci seront de la comp\u00e9tence<br>exclusive des tribunaux dont d\u00e9pend le si\u00e8ge social de la soci\u00e9t\u00e9. La langue<br>de r\u00e9f\u00e9rence, pour le r\u00e8glement de contentieux \u00e9ventuels, est le fran\u00e7ais.<\/p><p class=\"has-black-color has-text-color has-link-color wp-elements-a0e232aecbd6cca672ca3364e7524ea8\"><strong>Donn\u00e9es personnelles<br><\/strong>De mani\u00e8re g\u00e9n\u00e9rale, vous n\u2019\u00eates pas tenu de nous communiquer vos<br>donn\u00e9es personnelles lorsque vous visitez notre site internet<br>www.myanzo.com.<br>Cependant, ce principe comporte certaines exceptions.<br>En effet, pour certains services propos\u00e9s par notre site, vous pouvez \u00eatre<br>amen\u00e9s \u00e0 nous communiquer des donn\u00e9es telles que : votre nom, votre<br>fonction, le nom de votre soci\u00e9t\u00e9, votre adresse \u00e9lectronique, et votre num\u00e9ro<br>de t\u00e9l\u00e9phone. Tel est le cas lorsque vous remplissez le formulaire qui vous est<br>propos\u00e9 en ligne, dans la rubrique \u00ab contact \u00bb.<br>Il est \u00e0 noter que vous pouvez refuser de fournir vos donn\u00e9es personnelles.<br>Dans ce cas, vous ne pourrez pas utiliser les services du site, notamment celui<\/p><p class=\"has-black-color has-text-color has-link-color wp-elements-3bb4206c9bcaf838ad05a738e2791366\">de solliciter des renseignements sur notre soci\u00e9t\u00e9, ou de recevoir les lettres<br>d\u2019information.<br>Enfin, nous pouvons collecter de mani\u00e8re automatique certaines informations<br>vous concernant lors d\u2019une simple navigation sur notre site internet,<br>notamment des informations concernant l\u2019utilisation de notre site, comme les<br>zones que vous visitez et les services auxquels vous acc\u00e9dez, votre adresse IP,<br>le type de votre navigateur, vos temps d\u2019acc\u00e8s.<br>De telles informations sont utilis\u00e9es exclusivement \u00e0 des fins de statistiques<br>internes, de mani\u00e8re \u00e0 am\u00e9liorer la qualit\u00e9 des services qui vous sont<br>propos\u00e9s.<br>Les bases de donn\u00e9es sont prot\u00e9g\u00e9es par les dispositions de la loi du 1er juillet<br>1998 transposant la directive 96\/9 du 11 mars 1996 relative \u00e0 la protection<br>juridique des bases de donn\u00e9es.<\/p>","protected":false},"excerpt":{"rendered":"<p>Merci de lire avec attention les diff\u00e9rentes modalit\u00e9s d\u2019utilisation du pr\u00e9sentsite avant d\u2019y parcourir ses pages. En vous connectant sur ce site, vousacceptez, sans r\u00e9serves, les pr\u00e9sentes modalit\u00e9s.Aussi, conform\u00e9ment \u00e0 l\u2019article n\u00b06 de la Loi n\u00b02004-575 du 21 Juin 2004 pourla confiance dans l\u2019\u00e9conomie num\u00e9rique, les responsables du pr\u00e9sent siteinternet www.myanzo.com sont : \u00c9diteur du [&hellip;]<\/p>\n","protected":false},"author":1,"featured_media":0,"parent":0,"menu_order":0,"comment_status":"closed","ping_status":"closed","template":"","meta":{"footnotes":""},"class_list":["post-2398","page","type-page","status-publish","hentry"],"yoast_head":"<!-- This site is optimized with the Yoast SEO plugin v23.9 - https:\/\/yoast.com\/wordpress\/plugins\/seo\/ -->\n<title>Mentions l\u00e9gales MYANZO - Myanzo<\/title>\n<meta name=\"robots\" content=\"index, follow, max-snippet:-1, max-image-preview:large, max-video-preview:-1\" \/>\n<link rel=\"canonical\" href=\"https:\/\/myanzo.com\/fr_fr\/mentions-legales-myanzo\/\" \/>\n<meta property=\"og:locale\" content=\"fr_FR\" \/>\n<meta property=\"og:type\" content=\"article\" \/>\n<meta property=\"og:title\" content=\"Mentions l\u00e9gales MYANZO - Myanzo\" \/>\n<meta property=\"og:description\" content=\"Merci de lire avec attention les diff\u00e9rentes modalit\u00e9s d\u2019utilisation du pr\u00e9sentsite avant d\u2019y parcourir ses pages. En vous connectant sur ce site, vousacceptez, sans r\u00e9serves, les pr\u00e9sentes modalit\u00e9s.Aussi, conform\u00e9ment \u00e0 l\u2019article n\u00b06 de la Loi n\u00b02004-575 du 21 Juin 2004 pourla confiance dans l\u2019\u00e9conomie num\u00e9rique, les responsables du pr\u00e9sent siteinternet www.myanzo.com sont : \u00c9diteur du [&hellip;]\" \/>\n<meta property=\"og:url\" content=\"https:\/\/myanzo.com\/fr_fr\/mentions-legales-myanzo\/\" \/>\n<meta property=\"og:site_name\" content=\"Myanzo\" \/>\n<meta property=\"article:modified_time\" content=\"2025-01-23T13:11:49+00:00\" \/>\n<meta name=\"twitter:card\" content=\"summary_large_image\" \/>\n<meta name=\"twitter:label1\" content=\"Dur\u00e9e de lecture estim\u00e9e\" \/>\n\t<meta name=\"twitter:data1\" content=\"7 minutes\" \/>\n<script type=\"application\/ld+json\" class=\"yoast-schema-graph\">{\"@context\":\"https:\/\/schema.org\",\"@graph\":[{\"@type\":\"WebPage\",\"@id\":\"https:\/\/myanzo.com\/mentions-legales-myanzo\/\",\"url\":\"https:\/\/myanzo.com\/mentions-legales-myanzo\/\",\"name\":\"Mentions l\u00e9gales MYANZO - Myanzo\",\"isPartOf\":{\"@id\":\"https:\/\/myanzo.com\/#website\"},\"datePublished\":\"2024-12-11T20:29:43+00:00\",\"dateModified\":\"2025-01-23T13:11:49+00:00\",\"breadcrumb\":{\"@id\":\"https:\/\/myanzo.com\/mentions-legales-myanzo\/#breadcrumb\"},\"inLanguage\":\"fr-FR\",\"potentialAction\":[{\"@type\":\"ReadAction\",\"target\":[\"https:\/\/myanzo.com\/mentions-legales-myanzo\/\"]}]},{\"@type\":\"BreadcrumbList\",\"@id\":\"https:\/\/myanzo.com\/mentions-legales-myanzo\/#breadcrumb\",\"itemListElement\":[{\"@type\":\"ListItem\",\"position\":1,\"name\":\"Home\",\"item\":\"https:\/\/myanzo.com\/\"},{\"@type\":\"ListItem\",\"position\":2,\"name\":\"Mentions l\u00e9gales MYANZO\"}]},{\"@type\":\"WebSite\",\"@id\":\"https:\/\/myanzo.com\/#website\",\"url\":\"https:\/\/myanzo.com\/\",\"name\":\"Myanzo\",\"description\":\"Compagnon de vos d\u00e9cisions\",\"publisher\":{\"@id\":\"https:\/\/myanzo.com\/#organization\"},\"potentialAction\":[{\"@type\":\"SearchAction\",\"target\":{\"@type\":\"EntryPoint\",\"urlTemplate\":\"https:\/\/myanzo.com\/?s={search_term_string}\"},\"query-input\":{\"@type\":\"PropertyValueSpecification\",\"valueRequired\":true,\"valueName\":\"search_term_string\"}}],\"inLanguage\":\"fr-FR\"},{\"@type\":\"Organization\",\"@id\":\"https:\/\/myanzo.com\/#organization\",\"name\":\"Myanzo\",\"url\":\"https:\/\/myanzo.com\/\",\"logo\":{\"@type\":\"ImageObject\",\"inLanguage\":\"fr-FR\",\"@id\":\"https:\/\/myanzo.com\/#\/schema\/logo\/image\/\",\"url\":\"https:\/\/myanzo.com\/wp-content\/uploads\/2021\/08\/cropped-MYANZO_Slogan.png\",\"contentUrl\":\"https:\/\/myanzo.com\/wp-content\/uploads\/2021\/08\/cropped-MYANZO_Slogan.png\",\"width\":1208,\"height\":332,\"caption\":\"Myanzo\"},\"image\":{\"@id\":\"https:\/\/myanzo.com\/#\/schema\/logo\/image\/\"}}]}<\/script>\n<!-- \/ Yoast SEO plugin. -->","yoast_head_json":{"title":"Mentions l\u00e9gales MYANZO - Myanzo","robots":{"index":"index","follow":"follow","max-snippet":"max-snippet:-1","max-image-preview":"max-image-preview:large","max-video-preview":"max-video-preview:-1"},"canonical":"https:\/\/myanzo.com\/fr_fr\/mentions-legales-myanzo\/","og_locale":"fr_FR","og_type":"article","og_title":"Mentions l\u00e9gales MYANZO - Myanzo","og_description":"Merci de lire avec attention les diff\u00e9rentes modalit\u00e9s d\u2019utilisation du pr\u00e9sentsite avant d\u2019y parcourir ses pages. En vous connectant sur ce site, vousacceptez, sans r\u00e9serves, les pr\u00e9sentes modalit\u00e9s.Aussi, conform\u00e9ment \u00e0 l\u2019article n\u00b06 de la Loi n\u00b02004-575 du 21 Juin 2004 pourla confiance dans l\u2019\u00e9conomie num\u00e9rique, les responsables du pr\u00e9sent siteinternet www.myanzo.com sont : \u00c9diteur du [&hellip;]","og_url":"https:\/\/myanzo.com\/fr_fr\/mentions-legales-myanzo\/","og_site_name":"Myanzo","article_modified_time":"2025-01-23T13:11:49+00:00","twitter_card":"summary_large_image","twitter_misc":{"Dur\u00e9e de lecture estim\u00e9e":"7 minutes"},"schema":{"@context":"https:\/\/schema.org","@graph":[{"@type":"WebPage","@id":"https:\/\/myanzo.com\/mentions-legales-myanzo\/","url":"https:\/\/myanzo.com\/mentions-legales-myanzo\/","name":"Mentions l\u00e9gales MYANZO - Myanzo","isPartOf":{"@id":"https:\/\/myanzo.com\/#website"},"datePublished":"2024-12-11T20:29:43+00:00","dateModified":"2025-01-23T13:11:49+00:00","breadcrumb":{"@id":"https:\/\/myanzo.com\/mentions-legales-myanzo\/#breadcrumb"},"inLanguage":"fr-FR","potentialAction":[{"@type":"ReadAction","target":["https:\/\/myanzo.com\/mentions-legales-myanzo\/"]}]},{"@type":"BreadcrumbList","@id":"https:\/\/myanzo.com\/mentions-legales-myanzo\/#breadcrumb","itemListElement":[{"@type":"ListItem","position":1,"name":"Home","item":"https:\/\/myanzo.com\/"},{"@type":"ListItem","position":2,"name":"Mentions l\u00e9gales MYANZO"}]},{"@type":"WebSite","@id":"https:\/\/myanzo.com\/#website","url":"https:\/\/myanzo.com\/","name":"Myanzo","description":"Compagnon de vos d\u00e9cisions","publisher":{"@id":"https:\/\/myanzo.com\/#organization"},"potentialAction":[{"@type":"SearchAction","target":{"@type":"EntryPoint","urlTemplate":"https:\/\/myanzo.com\/?s={search_term_string}"},"query-input":{"@type":"PropertyValueSpecification","valueRequired":true,"valueName":"search_term_string"}}],"inLanguage":"fr-FR"},{"@type":"Organization","@id":"https:\/\/myanzo.com\/#organization","name":"Myanzo","url":"https:\/\/myanzo.com\/","logo":{"@type":"ImageObject","inLanguage":"fr-FR","@id":"https:\/\/myanzo.com\/#\/schema\/logo\/image\/","url":"https:\/\/myanzo.com\/wp-content\/uploads\/2021\/08\/cropped-MYANZO_Slogan.png","contentUrl":"https:\/\/myanzo.com\/wp-content\/uploads\/2021\/08\/cropped-MYANZO_Slogan.png","width":1208,"height":332,"caption":"Myanzo"},"image":{"@id":"https:\/\/myanzo.com\/#\/schema\/logo\/image\/"}}]}},"rttpg_featured_image_url":null,"rttpg_author":{"display_name":"myanzo","author_link":"https:\/\/myanzo.com\/fr_fr\/author\/myanzo\/"},"rttpg_comment":0,"rttpg_category":null,"rttpg_excerpt":"Merci de lire avec attention les diff\u00e9rentes modalit\u00e9s d\u2019utilisation du pr\u00e9sentsite avant d\u2019y parcourir ses pages. En vous connectant sur ce site, vousacceptez, sans r\u00e9serves, les pr\u00e9sentes modalit\u00e9s.Aussi, conform\u00e9ment \u00e0 l\u2019article n\u00b06 de la Loi n\u00b02004-575 du 21 Juin 2004 pourla confiance dans l\u2019\u00e9conomie num\u00e9rique, les responsables du pr\u00e9sent siteinternet www.myanzo.com sont : \u00c9diteur du\u2026","_links":{"self":[{"href":"https:\/\/myanzo.com\/fr_fr\/wp-json\/wp\/v2\/pages\/2398","targetHints":{"allow":["GET"]}}],"collection":[{"href":"https:\/\/myanzo.com\/fr_fr\/wp-json\/wp\/v2\/pages"}],"about":[{"href":"https:\/\/myanzo.com\/fr_fr\/wp-json\/wp\/v2\/types\/page"}],"author":[{"embeddable":true,"href":"https:\/\/myanzo.com\/fr_fr\/wp-json\/wp\/v2\/users\/1"}],"replies":[{"embeddable":true,"href":"https:\/\/myanzo.com\/fr_fr\/wp-json\/wp\/v2\/comments?post=2398"}],"version-history":[{"count":3,"href":"https:\/\/myanzo.com\/fr_fr\/wp-json\/wp\/v2\/pages\/2398\/revisions"}],"predecessor-version":[{"id":2581,"href":"https:\/\/myanzo.com\/fr_fr\/wp-json\/wp\/v2\/pages\/2398\/revisions\/2581"}],"wp:attachment":[{"href":"https:\/\/myanzo.com\/fr_fr\/wp-json\/wp\/v2\/media?parent=2398"}],"curies":[{"name":"wp","href":"https:\/\/api.w.org\/{rel}","templated":true}]}}