{"id":1805,"date":"2024-11-20T16:31:24","date_gmt":"2024-11-20T15:31:24","guid":{"rendered":"https:\/\/geth9000.odns.fr\/?page_id=1805"},"modified":"2024-12-11T21:42:51","modified_gmt":"2024-12-11T20:42:51","slug":"notre-histoire","status":"publish","type":"page","link":"https:\/\/myanzo.com\/fr_fr\/notre-histoire\/","title":{"rendered":"Notre Histoire"},"content":{"rendered":"\t\t<div data-elementor-type=\"wp-page\" data-elementor-id=\"1805\" class=\"elementor elementor-1805\" data-elementor-post-type=\"page\">\n\t\t\t\t<div class=\"elementor-element elementor-element-0870dd6 e-flex e-con-boxed e-con e-parent\" data-id=\"0870dd6\" data-element_type=\"container\">\n\t\t\t\t\t<div class=\"e-con-inner\">\n\t\t\t\t<div class=\"elementor-element elementor-element-9c8fdc1 elementor-widget elementor-widget-text-editor\" data-id=\"9c8fdc1\" data-element_type=\"widget\" data-widget_type=\"text-editor.default\">\n\t\t\t\t<div class=\"elementor-widget-container\">\n\t\t\t\t\t\t\t<h3 style=\"color: #222222; font-family: Arial, Helvetica, sans-serif;\"><strong>MYANZO : Une R\u00e9volution au Service des Dirigeants<\/strong><\/h3><p style=\"color: #222222; font-family: Arial, Helvetica, sans-serif; font-size: small; font-weight: 400;\">Dans un monde o\u00f9 la vitesse de transformation n\u2019a d\u2019\u00e9gale que la complexit\u00e9 des d\u00e9fis \u00e0 relever, MYANZO s\u2019impose comme une solution visionnaire pour les dirigeants. Cr\u00e9\u00e9e par Thierry G\u00e9ant, MYANZO puise ses racines dans une triple conviction, n\u00e9e de 20 ans d\u2019exp\u00e9rience op\u00e9rationnelle suivie de 15 ann\u00e9es aux c\u00f4t\u00e9s de dirigeants et d\u2019un regard ac\u00e9r\u00e9 sur les besoins des entreprises de demain.<\/p><h4 style=\"color: #222222; font-family: Arial, Helvetica, sans-serif; font-size: small;\"><strong>Une R\u00e9volution Technologique Incontournable<\/strong><\/h4><p style=\"color: #222222; font-family: Arial, Helvetica, sans-serif; font-size: small; font-weight: 400;\">Pour Thierry G\u00e9ant, ignorer l\u2019intelligence artificielle en 2024 revient \u00e0 n\u00e9gliger l\u2019invention d\u2019Internet dans les ann\u00e9es 1990. \u00ab Les leaders qui n\u2019int\u00e8grent pas ces outils dans leur bo\u00eete \u00e0 outils strat\u00e9gique se privent d\u2019un levier d\u00e9cisif pour anticiper, innover et d\u00e9cider \u00bb, explique-t-il. MYANZO incarne cette r\u00e9volution en combinant la puissance de l\u2019IA avec la finesse d\u2019un accompagnement humain.<\/p><h4 style=\"color: #222222; font-family: Arial, Helvetica, sans-serif; font-size: small;\"><strong>R\u00e9pondre \u00e0 la Solitude du Pouvoir<\/strong><\/h4><p style=\"color: #222222; font-family: Arial, Helvetica, sans-serif; font-size: small; font-weight: 400;\">Diriger, c\u2019est souvent avancer seul. Une \u00e9tude r\u00e9cente r\u00e9v\u00e8le que 61 % des PDG se sentent isol\u00e9s dans leur prise de d\u00e9cision, un chiffre encore plus \u00e9lev\u00e9 dans les PME et ETI. MYANZO ne se contente pas de combler ce vide : il red\u00e9finit l\u2019accompagnement en permettant aux leaders d\u2019explorer leurs choix, leurs doutes et leurs ambitions avec un regard neuf, sans jugement. \u00ab Mon objectif est simple : aider les dirigeants \u00e0 diriger comme ils sont, pas comme ils croient devoir l\u2019\u00eatre \u00bb, affirme Thierry G\u00e9ant.<\/p><h4 style=\"color: #222222; font-family: Arial, Helvetica, sans-serif; font-size: small;\"><strong>Un M\u00e9tier R\u00e9invent\u00e9 pour D\u00e9passer ses Limites<\/strong><\/h4><p style=\"color: #222222; font-family: Arial, Helvetica, sans-serif; font-size: small; font-weight: 400;\">Depuis 15 ans, Thierry G\u00e9ant a accompagn\u00e9 plus de 150 dirigeants, avec une approche qualitative et \u00e0 tr\u00e8s forte valeur ajout\u00e9e. Chaque accompagnement repose sur une disponibilit\u00e9 totale, bien au-del\u00e0 des ateliers : une veille strat\u00e9gique permanente, une anticipation fine des enjeux sectoriels, et une capacit\u00e9 d\u2019\u00e9change 24\/7 pour r\u00e9pondre aux urgences. Cependant, ce mod\u00e8le intensif atteint ses limites face \u00e0 la multiplication des besoins et des sollicitations :<\/p><ul style=\"color: #222222; font-family: Arial, Helvetica, sans-serif; font-size: small; font-weight: 400;\"><li style=\"margin-left: 15px;\"><strong>La contrainte du temps<\/strong>\u00a0: Une journ\u00e9e ne compte que 24 heures, limitant la port\u00e9e d\u2019un accompagnement individuel classique.<\/li><li style=\"margin-left: 15px;\"><strong>L\u2019acc\u00e8s restreint<\/strong>\u00a0: La dynamique face-\u00e0-face exige un investissement financier et temporel que toutes les entreprises ne peuvent assumer.<\/li><li style=\"margin-left: 15px;\"><strong>Les impr\u00e9vus strat\u00e9giques<\/strong>\u00a0: Les moments cl\u00e9s\u2014urgences, d\u00e9cisions critiques, bifurcations strat\u00e9giques\u2014arrivent rarement dans un agenda planifi\u00e9.<\/li><\/ul><p style=\"color: #222222; font-family: Arial, Helvetica, sans-serif; font-size: small; font-weight: 400;\">MYANZO se pose comme une r\u00e9ponse \u00e0 ces d\u00e9fis, offrant une disponibilit\u00e9 constante et une agilit\u00e9 in\u00e9gal\u00e9e. La plateforme permet aux dirigeants de b\u00e9n\u00e9ficier d\u2019un soutien imm\u00e9diat, sur mesure, et \u00e0 moindre co\u00fbt, m\u00eame pour des entreprises aux ressources limit\u00e9es comme les startups, les TPE ou les associations.<\/p><h4 style=\"color: #222222; font-family: Arial, Helvetica, sans-serif; font-size: small;\"><strong>L\u2019Ambition de MYANZO : Rendre le Leadership Accessible et Durable<\/strong><\/h4><p style=\"color: #222222; font-family: Arial, Helvetica, sans-serif; font-size: small; font-weight: 400;\">En fusionnant technologie de pointe et sagesse humaine, MYANZO ambitionne de d\u00e9mocratiser le m\u00e9tier de Sparing Partner. Inspir\u00e9 par des m\u00e9taphores puissantes comme le \u00ab saumon agile \u00bb, Thierry G\u00e9ant rappelle que l\u2019adaptabilit\u00e9, la r\u00e9silience et l\u2019introspection sont les piliers d\u2019un leadership durable. \u00c0 travers MYANZO, il ouvre un dialogue entre la technologie et l\u2019humanit\u00e9, permettant aux leaders de surmonter leurs d\u00e9fis les plus complexes.<\/p><hr style=\"color: #222222; font-family: Arial, Helvetica, sans-serif; font-size: small; font-weight: 400; background-color: #ffffff;\" \/><p style=\"color: #222222; font-family: Arial, Helvetica, sans-serif; font-size: small; font-weight: 400;\"><strong>Et vous ? \u00cates-vous pr\u00eat \u00e0 d\u00e9couvrir comment MYANZO peut transformer votre fa\u00e7on de diriger ?<\/strong><\/p>\t\t\t\t\t\t<\/div>\n\t\t\t\t<\/div>\n\t\t\t\t\t<\/div>\n\t\t\t\t<\/div>\n\t\t<div class=\"elementor-element elementor-element-c7da507 e-flex e-con-boxed e-con e-parent\" data-id=\"c7da507\" data-element_type=\"container\">\n\t\t\t\t\t<div class=\"e-con-inner\">\n\t\t\t\t<div class=\"elementor-element elementor-element-8c4fa73 elementor-button-danger elementor-align-center elementor-widget elementor-widget-button\" data-id=\"8c4fa73\" data-element_type=\"widget\" data-widget_type=\"button.default\">\n\t\t\t\t<div class=\"elementor-widget-container\">\n\t\t\t\t\t\t\t<div class=\"elementor-button-wrapper\">\n\t\t\t\t\t<a class=\"elementor-button elementor-button-link elementor-size-sm\" href=\"https:\/\/myanzo.com\/fr_fr\/choisissez-votre-offre\/\">\n\t\t\t\t\t\t<span class=\"elementor-button-content-wrapper\">\n\t\t\t\t\t\t\t\t\t<span class=\"elementor-button-text\">Commencez gratuitement<\/span>\n\t\t\t\t\t<\/span>\n\t\t\t\t\t<\/a>\n\t\t\t\t<\/div>\n\t\t\t\t\t\t<\/div>\n\t\t\t\t<\/div>\n\t\t\t\t\t<\/div>\n\t\t\t\t<\/div>\n\t\t\t\t<\/div>\n\t\t","protected":false},"excerpt":{"rendered":"<p>MYANZO : Une R\u00e9volution au Service des Dirigeants Dans un monde o\u00f9 la vitesse de transformation n\u2019a d\u2019\u00e9gale que la complexit\u00e9 des d\u00e9fis \u00e0 relever, MYANZO s\u2019impose comme une solution visionnaire pour les dirigeants. Cr\u00e9\u00e9e par Thierry G\u00e9ant, MYANZO puise ses racines dans une triple conviction, n\u00e9e de 20 ans d\u2019exp\u00e9rience op\u00e9rationnelle suivie de 15 [&hellip;]<\/p>\n","protected":false},"author":1,"featured_media":0,"parent":0,"menu_order":0,"comment_status":"closed","ping_status":"closed","template":"","meta":{"footnotes":""},"class_list":["post-1805","page","type-page","status-publish","hentry"],"yoast_head":"<!-- This site is optimized with the Yoast SEO plugin v23.9 - https:\/\/yoast.com\/wordpress\/plugins\/seo\/ -->\n<title>Notre Histoire - Myanzo<\/title>\n<meta name=\"robots\" content=\"index, follow, max-snippet:-1, max-image-preview:large, max-video-preview:-1\" \/>\n<link rel=\"canonical\" href=\"https:\/\/myanzo.com\/fr_fr\/notre-histoire\/\" \/>\n<meta property=\"og:locale\" content=\"fr_FR\" \/>\n<meta property=\"og:type\" content=\"article\" \/>\n<meta property=\"og:title\" content=\"Notre Histoire - Myanzo\" \/>\n<meta property=\"og:description\" content=\"MYANZO : Une R\u00e9volution au Service des Dirigeants Dans un monde o\u00f9 la vitesse de transformation n\u2019a d\u2019\u00e9gale que la complexit\u00e9 des d\u00e9fis \u00e0 relever, MYANZO s\u2019impose comme une solution visionnaire pour les dirigeants. Cr\u00e9\u00e9e par Thierry G\u00e9ant, MYANZO puise ses racines dans une triple conviction, n\u00e9e de 20 ans d\u2019exp\u00e9rience op\u00e9rationnelle suivie de 15 [&hellip;]\" \/>\n<meta property=\"og:url\" content=\"https:\/\/myanzo.com\/fr_fr\/notre-histoire\/\" \/>\n<meta property=\"og:site_name\" content=\"Myanzo\" \/>\n<meta property=\"article:modified_time\" content=\"2024-12-11T20:42:51+00:00\" \/>\n<meta name=\"twitter:card\" content=\"summary_large_image\" \/>\n<meta name=\"twitter:label1\" content=\"Dur\u00e9e de lecture estim\u00e9e\" \/>\n\t<meta name=\"twitter:data1\" content=\"3 minutes\" \/>\n<script type=\"application\/ld+json\" class=\"yoast-schema-graph\">{\"@context\":\"https:\/\/schema.org\",\"@graph\":[{\"@type\":\"WebPage\",\"@id\":\"https:\/\/myanzo.com\/notre-histoire\/\",\"url\":\"https:\/\/myanzo.com\/notre-histoire\/\",\"name\":\"Notre Histoire - Myanzo\",\"isPartOf\":{\"@id\":\"https:\/\/myanzo.com\/#website\"},\"datePublished\":\"2024-11-20T15:31:24+00:00\",\"dateModified\":\"2024-12-11T20:42:51+00:00\",\"breadcrumb\":{\"@id\":\"https:\/\/myanzo.com\/notre-histoire\/#breadcrumb\"},\"inLanguage\":\"fr-FR\",\"potentialAction\":[{\"@type\":\"ReadAction\",\"target\":[\"https:\/\/myanzo.com\/notre-histoire\/\"]}]},{\"@type\":\"BreadcrumbList\",\"@id\":\"https:\/\/myanzo.com\/notre-histoire\/#breadcrumb\",\"itemListElement\":[{\"@type\":\"ListItem\",\"position\":1,\"name\":\"Home\",\"item\":\"https:\/\/myanzo.com\/\"},{\"@type\":\"ListItem\",\"position\":2,\"name\":\"Notre Histoire\"}]},{\"@type\":\"WebSite\",\"@id\":\"https:\/\/myanzo.com\/#website\",\"url\":\"https:\/\/myanzo.com\/\",\"name\":\"Myanzo\",\"description\":\"Compagnon de vos d\u00e9cisions\",\"publisher\":{\"@id\":\"https:\/\/myanzo.com\/#organization\"},\"potentialAction\":[{\"@type\":\"SearchAction\",\"target\":{\"@type\":\"EntryPoint\",\"urlTemplate\":\"https:\/\/myanzo.com\/?s={search_term_string}\"},\"query-input\":{\"@type\":\"PropertyValueSpecification\",\"valueRequired\":true,\"valueName\":\"search_term_string\"}}],\"inLanguage\":\"fr-FR\"},{\"@type\":\"Organization\",\"@id\":\"https:\/\/myanzo.com\/#organization\",\"name\":\"Myanzo\",\"url\":\"https:\/\/myanzo.com\/\",\"logo\":{\"@type\":\"ImageObject\",\"inLanguage\":\"fr-FR\",\"@id\":\"https:\/\/myanzo.com\/#\/schema\/logo\/image\/\",\"url\":\"https:\/\/myanzo.com\/wp-content\/uploads\/2021\/08\/cropped-MYANZO_Slogan.png\",\"contentUrl\":\"https:\/\/myanzo.com\/wp-content\/uploads\/2021\/08\/cropped-MYANZO_Slogan.png\",\"width\":1208,\"height\":332,\"caption\":\"Myanzo\"},\"image\":{\"@id\":\"https:\/\/myanzo.com\/#\/schema\/logo\/image\/\"}}]}<\/script>\n<!-- \/ Yoast SEO plugin. -->","yoast_head_json":{"title":"Notre Histoire - Myanzo","robots":{"index":"index","follow":"follow","max-snippet":"max-snippet:-1","max-image-preview":"max-image-preview:large","max-video-preview":"max-video-preview:-1"},"canonical":"https:\/\/myanzo.com\/fr_fr\/notre-histoire\/","og_locale":"fr_FR","og_type":"article","og_title":"Notre Histoire - Myanzo","og_description":"MYANZO : Une R\u00e9volution au Service des Dirigeants Dans un monde o\u00f9 la vitesse de transformation n\u2019a d\u2019\u00e9gale que la complexit\u00e9 des d\u00e9fis \u00e0 relever, MYANZO s\u2019impose comme une solution visionnaire pour les dirigeants. Cr\u00e9\u00e9e par Thierry G\u00e9ant, MYANZO puise ses racines dans une triple conviction, n\u00e9e de 20 ans d\u2019exp\u00e9rience op\u00e9rationnelle suivie de 15 [&hellip;]","og_url":"https:\/\/myanzo.com\/fr_fr\/notre-histoire\/","og_site_name":"Myanzo","article_modified_time":"2024-12-11T20:42:51+00:00","twitter_card":"summary_large_image","twitter_misc":{"Dur\u00e9e de lecture estim\u00e9e":"3 minutes"},"schema":{"@context":"https:\/\/schema.org","@graph":[{"@type":"WebPage","@id":"https:\/\/myanzo.com\/notre-histoire\/","url":"https:\/\/myanzo.com\/notre-histoire\/","name":"Notre Histoire - Myanzo","isPartOf":{"@id":"https:\/\/myanzo.com\/#website"},"datePublished":"2024-11-20T15:31:24+00:00","dateModified":"2024-12-11T20:42:51+00:00","breadcrumb":{"@id":"https:\/\/myanzo.com\/notre-histoire\/#breadcrumb"},"inLanguage":"fr-FR","potentialAction":[{"@type":"ReadAction","target":["https:\/\/myanzo.com\/notre-histoire\/"]}]},{"@type":"BreadcrumbList","@id":"https:\/\/myanzo.com\/notre-histoire\/#breadcrumb","itemListElement":[{"@type":"ListItem","position":1,"name":"Home","item":"https:\/\/myanzo.com\/"},{"@type":"ListItem","position":2,"name":"Notre Histoire"}]},{"@type":"WebSite","@id":"https:\/\/myanzo.com\/#website","url":"https:\/\/myanzo.com\/","name":"Myanzo","description":"Compagnon de vos d\u00e9cisions","publisher":{"@id":"https:\/\/myanzo.com\/#organization"},"potentialAction":[{"@type":"SearchAction","target":{"@type":"EntryPoint","urlTemplate":"https:\/\/myanzo.com\/?s={search_term_string}"},"query-input":{"@type":"PropertyValueSpecification","valueRequired":true,"valueName":"search_term_string"}}],"inLanguage":"fr-FR"},{"@type":"Organization","@id":"https:\/\/myanzo.com\/#organization","name":"Myanzo","url":"https:\/\/myanzo.com\/","logo":{"@type":"ImageObject","inLanguage":"fr-FR","@id":"https:\/\/myanzo.com\/#\/schema\/logo\/image\/","url":"https:\/\/myanzo.com\/wp-content\/uploads\/2021\/08\/cropped-MYANZO_Slogan.png","contentUrl":"https:\/\/myanzo.com\/wp-content\/uploads\/2021\/08\/cropped-MYANZO_Slogan.png","width":1208,"height":332,"caption":"Myanzo"},"image":{"@id":"https:\/\/myanzo.com\/#\/schema\/logo\/image\/"}}]}},"rttpg_featured_image_url":null,"rttpg_author":{"display_name":"myanzo","author_link":"https:\/\/myanzo.com\/fr_fr\/author\/myanzo\/"},"rttpg_comment":0,"rttpg_category":null,"rttpg_excerpt":"MYANZO : Une R\u00e9volution au Service des Dirigeants Dans un monde o\u00f9 la vitesse de transformation n\u2019a d\u2019\u00e9gale que la complexit\u00e9 des d\u00e9fis \u00e0 relever, MYANZO s\u2019impose comme une solution visionnaire pour les dirigeants. Cr\u00e9\u00e9e par Thierry G\u00e9ant, MYANZO puise ses racines dans une triple conviction, n\u00e9e de 20 ans d\u2019exp\u00e9rience op\u00e9rationnelle suivie de 15\u2026","_links":{"self":[{"href":"https:\/\/myanzo.com\/fr_fr\/wp-json\/wp\/v2\/pages\/1805","targetHints":{"allow":["GET"]}}],"collection":[{"href":"https:\/\/myanzo.com\/fr_fr\/wp-json\/wp\/v2\/pages"}],"about":[{"href":"https:\/\/myanzo.com\/fr_fr\/wp-json\/wp\/v2\/types\/page"}],"author":[{"embeddable":true,"href":"https:\/\/myanzo.com\/fr_fr\/wp-json\/wp\/v2\/users\/1"}],"replies":[{"embeddable":true,"href":"https:\/\/myanzo.com\/fr_fr\/wp-json\/wp\/v2\/comments?post=1805"}],"version-history":[{"count":61,"href":"https:\/\/myanzo.com\/fr_fr\/wp-json\/wp\/v2\/pages\/1805\/revisions"}],"predecessor-version":[{"id":2413,"href":"https:\/\/myanzo.com\/fr_fr\/wp-json\/wp\/v2\/pages\/1805\/revisions\/2413"}],"wp:attachment":[{"href":"https:\/\/myanzo.com\/fr_fr\/wp-json\/wp\/v2\/media?parent=1805"}],"curies":[{"name":"wp","href":"https:\/\/api.w.org\/{rel}","templated":true}]}}