{"id":1763,"date":"2024-11-20T15:09:20","date_gmt":"2024-11-20T14:09:20","guid":{"rendered":"https:\/\/geth9000.odns.fr\/?page_id=1763"},"modified":"2025-02-14T17:50:16","modified_gmt":"2025-02-14T16:50:16","slug":"myanzo-acces","status":"publish","type":"page","link":"https:\/\/myanzo.com\/fr_fr\/myanzo-acces\/","title":{"rendered":"MYANZO acc\u00e8s"},"content":{"rendered":"<p>J'acc\u00e8de \u00e0 MYANZO J'acc\u00e8de \u00e0 LA FAQ MYANZO Si il&hellip;&hellip;<\/p>\n<h3 style=\"text-align: center\"><span style=\"color: #808080\"><strong>Vous devez \u00eatre abonn\u00e9(e) et connect\u00e9(e) pour voir ce contenu<\/strong><\/span><\/h3>\n<h3 style=\"text-align: center\"><span style=\"color: #808080\">Veuillez vous rendre sur cette<\/span> <a href=\"https:\/\/myanzo.com\/login-2\/\">page afin de vous connecter ou vous inscrire\u00a0<\/a><\/h3>\n","protected":false},"excerpt":{"rendered":"<p>J&rsquo;acc\u00e8de \u00e0 MYANZO J&rsquo;acc\u00e8de \u00e0 LA FAQ MYANZO Si il&hellip; Vous devez \u00eatre abonn\u00e9(e) et connect\u00e9(e) pour voir ce contenu Veuillez vous rendre sur cette page afin de vous connecter ou vous inscrire\u00a0<\/p>\n","protected":false},"author":1,"featured_media":0,"parent":0,"menu_order":0,"comment_status":"closed","ping_status":"closed","template":"","meta":{"footnotes":""},"class_list":["post-1763","page","type-page","status-publish","hentry"],"yoast_head":"<!-- This site is optimized with the Yoast SEO plugin v23.9 - https:\/\/yoast.com\/wordpress\/plugins\/seo\/ -->\n<title>MYANZO acc\u00e8s - Myanzo<\/title>\n<meta name=\"robots\" content=\"index, follow, max-snippet:-1, max-image-preview:large, max-video-preview:-1\" \/>\n<link rel=\"canonical\" href=\"https:\/\/myanzo.com\/fr_fr\/myanzo-acces\/\" \/>\n<meta property=\"og:locale\" content=\"fr_FR\" \/>\n<meta property=\"og:type\" content=\"article\" \/>\n<meta property=\"og:title\" content=\"MYANZO acc\u00e8s - Myanzo\" \/>\n<meta property=\"og:description\" content=\"J&rsquo;acc\u00e8de \u00e0 MYANZO J&rsquo;acc\u00e8de \u00e0 LA FAQ MYANZO Si il&hellip; Vous devez \u00eatre abonn\u00e9(e) et connect\u00e9(e) pour voir ce contenu Veuillez vous rendre sur cette page afin de vous connecter ou vous inscrire\u00a0\" \/>\n<meta property=\"og:url\" content=\"https:\/\/myanzo.com\/fr_fr\/myanzo-acces\/\" \/>\n<meta property=\"og:site_name\" content=\"Myanzo\" \/>\n<meta property=\"article:modified_time\" content=\"2025-02-14T16:50:16+00:00\" \/>\n<meta property=\"og:image\" content=\"https:\/\/myanzo.com\/wp-content\/uploads\/elementor\/thumbs\/Capture-decran-2024-11-20-a-15.23.11-qxc8mt05atwjcw5l105m5k8uw7ijjopb1p21kii3ds.png\" \/>\n<meta name=\"twitter:card\" content=\"summary_large_image\" \/>\n<meta name=\"twitter:label1\" content=\"Dur\u00e9e de lecture estim\u00e9e\" \/>\n\t<meta name=\"twitter:data1\" content=\"1 minute\" \/>\n<script type=\"application\/ld+json\" class=\"yoast-schema-graph\">{\"@context\":\"https:\/\/schema.org\",\"@graph\":[{\"@type\":\"WebPage\",\"@id\":\"https:\/\/myanzo.com\/myanzo-acces\/\",\"url\":\"https:\/\/myanzo.com\/myanzo-acces\/\",\"name\":\"MYANZO acc\u00e8s - Myanzo\",\"isPartOf\":{\"@id\":\"https:\/\/myanzo.com\/#website\"},\"primaryImageOfPage\":{\"@id\":\"https:\/\/myanzo.com\/myanzo-acces\/#primaryimage\"},\"image\":{\"@id\":\"https:\/\/myanzo.com\/myanzo-acces\/#primaryimage\"},\"thumbnailUrl\":\"https:\/\/myanzo.com\/wp-content\/uploads\/elementor\/thumbs\/Capture-decran-2024-11-20-a-15.23.11-qxc8mt05atwjcw5l105m5k8uw7ijjopb1p21kii3ds.png\",\"datePublished\":\"2024-11-20T14:09:20+00:00\",\"dateModified\":\"2025-02-14T16:50:16+00:00\",\"breadcrumb\":{\"@id\":\"https:\/\/myanzo.com\/myanzo-acces\/#breadcrumb\"},\"inLanguage\":\"fr-FR\",\"potentialAction\":[{\"@type\":\"ReadAction\",\"target\":[\"https:\/\/myanzo.com\/myanzo-acces\/\"]}]},{\"@type\":\"ImageObject\",\"inLanguage\":\"fr-FR\",\"@id\":\"https:\/\/myanzo.com\/myanzo-acces\/#primaryimage\",\"url\":\"https:\/\/myanzo.com\/wp-content\/uploads\/elementor\/thumbs\/Capture-decran-2024-11-20-a-15.23.11-qxc8mt05atwjcw5l105m5k8uw7ijjopb1p21kii3ds.png\",\"contentUrl\":\"https:\/\/myanzo.com\/wp-content\/uploads\/elementor\/thumbs\/Capture-decran-2024-11-20-a-15.23.11-qxc8mt05atwjcw5l105m5k8uw7ijjopb1p21kii3ds.png\"},{\"@type\":\"BreadcrumbList\",\"@id\":\"https:\/\/myanzo.com\/myanzo-acces\/#breadcrumb\",\"itemListElement\":[{\"@type\":\"ListItem\",\"position\":1,\"name\":\"Home\",\"item\":\"https:\/\/myanzo.com\/\"},{\"@type\":\"ListItem\",\"position\":2,\"name\":\"MYANZO acc\u00e8s\"}]},{\"@type\":\"WebSite\",\"@id\":\"https:\/\/myanzo.com\/#website\",\"url\":\"https:\/\/myanzo.com\/\",\"name\":\"Myanzo\",\"description\":\"Compagnon de vos d\u00e9cisions\",\"publisher\":{\"@id\":\"https:\/\/myanzo.com\/#organization\"},\"potentialAction\":[{\"@type\":\"SearchAction\",\"target\":{\"@type\":\"EntryPoint\",\"urlTemplate\":\"https:\/\/myanzo.com\/?s={search_term_string}\"},\"query-input\":{\"@type\":\"PropertyValueSpecification\",\"valueRequired\":true,\"valueName\":\"search_term_string\"}}],\"inLanguage\":\"fr-FR\"},{\"@type\":\"Organization\",\"@id\":\"https:\/\/myanzo.com\/#organization\",\"name\":\"Myanzo\",\"url\":\"https:\/\/myanzo.com\/\",\"logo\":{\"@type\":\"ImageObject\",\"inLanguage\":\"fr-FR\",\"@id\":\"https:\/\/myanzo.com\/#\/schema\/logo\/image\/\",\"url\":\"https:\/\/myanzo.com\/wp-content\/uploads\/2021\/08\/cropped-MYANZO_Slogan.png\",\"contentUrl\":\"https:\/\/myanzo.com\/wp-content\/uploads\/2021\/08\/cropped-MYANZO_Slogan.png\",\"width\":1208,\"height\":332,\"caption\":\"Myanzo\"},\"image\":{\"@id\":\"https:\/\/myanzo.com\/#\/schema\/logo\/image\/\"}}]}<\/script>\n<!-- \/ Yoast SEO plugin. -->","yoast_head_json":{"title":"MYANZO acc\u00e8s - Myanzo","robots":{"index":"index","follow":"follow","max-snippet":"max-snippet:-1","max-image-preview":"max-image-preview:large","max-video-preview":"max-video-preview:-1"},"canonical":"https:\/\/myanzo.com\/fr_fr\/myanzo-acces\/","og_locale":"fr_FR","og_type":"article","og_title":"MYANZO acc\u00e8s - Myanzo","og_description":"J&rsquo;acc\u00e8de \u00e0 MYANZO J&rsquo;acc\u00e8de \u00e0 LA FAQ MYANZO Si il&hellip; Vous devez \u00eatre abonn\u00e9(e) et connect\u00e9(e) pour voir ce contenu Veuillez vous rendre sur cette page afin de vous connecter ou vous inscrire\u00a0","og_url":"https:\/\/myanzo.com\/fr_fr\/myanzo-acces\/","og_site_name":"Myanzo","article_modified_time":"2025-02-14T16:50:16+00:00","og_image":[{"url":"https:\/\/myanzo.com\/wp-content\/uploads\/elementor\/thumbs\/Capture-decran-2024-11-20-a-15.23.11-qxc8mt05atwjcw5l105m5k8uw7ijjopb1p21kii3ds.png"}],"twitter_card":"summary_large_image","twitter_misc":{"Dur\u00e9e de lecture estim\u00e9e":"1 minute"},"schema":{"@context":"https:\/\/schema.org","@graph":[{"@type":"WebPage","@id":"https:\/\/myanzo.com\/myanzo-acces\/","url":"https:\/\/myanzo.com\/myanzo-acces\/","name":"MYANZO acc\u00e8s - Myanzo","isPartOf":{"@id":"https:\/\/myanzo.com\/#website"},"primaryImageOfPage":{"@id":"https:\/\/myanzo.com\/myanzo-acces\/#primaryimage"},"image":{"@id":"https:\/\/myanzo.com\/myanzo-acces\/#primaryimage"},"thumbnailUrl":"https:\/\/myanzo.com\/wp-content\/uploads\/elementor\/thumbs\/Capture-decran-2024-11-20-a-15.23.11-qxc8mt05atwjcw5l105m5k8uw7ijjopb1p21kii3ds.png","datePublished":"2024-11-20T14:09:20+00:00","dateModified":"2025-02-14T16:50:16+00:00","breadcrumb":{"@id":"https:\/\/myanzo.com\/myanzo-acces\/#breadcrumb"},"inLanguage":"fr-FR","potentialAction":[{"@type":"ReadAction","target":["https:\/\/myanzo.com\/myanzo-acces\/"]}]},{"@type":"ImageObject","inLanguage":"fr-FR","@id":"https:\/\/myanzo.com\/myanzo-acces\/#primaryimage","url":"https:\/\/myanzo.com\/wp-content\/uploads\/elementor\/thumbs\/Capture-decran-2024-11-20-a-15.23.11-qxc8mt05atwjcw5l105m5k8uw7ijjopb1p21kii3ds.png","contentUrl":"https:\/\/myanzo.com\/wp-content\/uploads\/elementor\/thumbs\/Capture-decran-2024-11-20-a-15.23.11-qxc8mt05atwjcw5l105m5k8uw7ijjopb1p21kii3ds.png"},{"@type":"BreadcrumbList","@id":"https:\/\/myanzo.com\/myanzo-acces\/#breadcrumb","itemListElement":[{"@type":"ListItem","position":1,"name":"Home","item":"https:\/\/myanzo.com\/"},{"@type":"ListItem","position":2,"name":"MYANZO acc\u00e8s"}]},{"@type":"WebSite","@id":"https:\/\/myanzo.com\/#website","url":"https:\/\/myanzo.com\/","name":"Myanzo","description":"Compagnon de vos d\u00e9cisions","publisher":{"@id":"https:\/\/myanzo.com\/#organization"},"potentialAction":[{"@type":"SearchAction","target":{"@type":"EntryPoint","urlTemplate":"https:\/\/myanzo.com\/?s={search_term_string}"},"query-input":{"@type":"PropertyValueSpecification","valueRequired":true,"valueName":"search_term_string"}}],"inLanguage":"fr-FR"},{"@type":"Organization","@id":"https:\/\/myanzo.com\/#organization","name":"Myanzo","url":"https:\/\/myanzo.com\/","logo":{"@type":"ImageObject","inLanguage":"fr-FR","@id":"https:\/\/myanzo.com\/#\/schema\/logo\/image\/","url":"https:\/\/myanzo.com\/wp-content\/uploads\/2021\/08\/cropped-MYANZO_Slogan.png","contentUrl":"https:\/\/myanzo.com\/wp-content\/uploads\/2021\/08\/cropped-MYANZO_Slogan.png","width":1208,"height":332,"caption":"Myanzo"},"image":{"@id":"https:\/\/myanzo.com\/#\/schema\/logo\/image\/"}}]}},"rttpg_featured_image_url":null,"rttpg_author":{"display_name":"myanzo","author_link":"https:\/\/myanzo.com\/fr_fr\/author\/myanzo\/"},"rttpg_comment":0,"rttpg_category":null,"rttpg_excerpt":"J&rsquo;acc\u00e8de \u00e0 MYANZO J&rsquo;acc\u00e8de \u00e0 LA FAQ MYANZO Si il&hellip; Vous devez \u00eatre abonn\u00e9(e) et connect\u00e9(e) pour voir ce contenu Veuillez vous rendre sur cette page afin de vous connecter ou vous inscrire\u00a0","_links":{"self":[{"href":"https:\/\/myanzo.com\/fr_fr\/wp-json\/wp\/v2\/pages\/1763","targetHints":{"allow":["GET"]}}],"collection":[{"href":"https:\/\/myanzo.com\/fr_fr\/wp-json\/wp\/v2\/pages"}],"about":[{"href":"https:\/\/myanzo.com\/fr_fr\/wp-json\/wp\/v2\/types\/page"}],"author":[{"embeddable":true,"href":"https:\/\/myanzo.com\/fr_fr\/wp-json\/wp\/v2\/users\/1"}],"replies":[{"embeddable":true,"href":"https:\/\/myanzo.com\/fr_fr\/wp-json\/wp\/v2\/comments?post=1763"}],"version-history":[{"count":55,"href":"https:\/\/myanzo.com\/fr_fr\/wp-json\/wp\/v2\/pages\/1763\/revisions"}],"predecessor-version":[{"id":2444,"href":"https:\/\/myanzo.com\/fr_fr\/wp-json\/wp\/v2\/pages\/1763\/revisions\/2444"}],"wp:attachment":[{"href":"https:\/\/myanzo.com\/fr_fr\/wp-json\/wp\/v2\/media?parent=1763"}],"curies":[{"name":"wp","href":"https:\/\/api.w.org\/{rel}","templated":true}]}}